{"id":21,"date":"2016-03-01T00:28:19","date_gmt":"2016-03-01T00:28:19","guid":{"rendered":"http:\/\/newsign.com.pl\/?page_id=21"},"modified":"2016-09-26T19:56:30","modified_gmt":"2016-09-26T19:56:30","slug":"kasetony-reklamowe","status":"publish","type":"page","link":"https:\/\/www.newsign.com.pl\/fr\/kasetony-reklamowe\/","title":{"rendered":"Bo\u00eetes A Lumi\u00e8re"},"content":{"rendered":"<p>Les bo\u00eetes \u00e0 lumi\u00e8re sont tr\u00e8s impressionnants et en m\u00eame temps une publicit\u00e9pas couteuse. Ils sont beaucoup plus visibles que des banni\u00e8res ou des signes, et en m\u00eame temps la diff\u00e9rence de prix ne sont pas significatives. Les panneaux ne resteront pas inaper\u00e7us, m\u00eame la nuit, gr\u00e2ce \u00e0 une vastelumi\u00e8re.<\/p>\n<div id='gallery-1' class='gallery galleryid-21 gallery-columns-5 gallery-size-medium'><figure class='gallery-item'>\n\t\t\t<div class='gallery-icon landscape'>\n\t\t\t\t<a href='https:\/\/www.newsign.com.pl\/wp-content\/uploads\/2016\/03\/5-2.jpg' rel=\"lightbox[21]\"><img loading=\"lazy\" decoding=\"async\" width=\"300\" height=\"158\" src=\"https:\/\/www.newsign.com.pl\/wp-content\/uploads\/2016\/03\/5-2-300x158.jpg\" class=\"attachment-medium size-medium\" alt=\"\" srcset=\"https:\/\/www.newsign.com.pl\/wp-content\/uploads\/2016\/03\/5-2-300x158.jpg 300w, https:\/\/www.newsign.com.pl\/wp-content\/uploads\/2016\/03\/5-2-768x405.jpg 768w, https:\/\/www.newsign.com.pl\/wp-content\/uploads\/2016\/03\/5-2.jpg 1004w\" sizes=\"auto, (max-width: 300px) 100vw, 300px\" \/><\/a>\n\t\t\t<\/div><\/figure>\n\t\t<\/div>\n\n","protected":false},"excerpt":{"rendered":"<p>Les bo\u00eetes \u00e0 lumi\u00e8re sont tr\u00e8s impressionnants et en m\u00eame temps une publicit\u00e9pas couteuse. Ils sont beaucoup plus visibles que des banni\u00e8res ou des signes, et en m\u00eame temps la diff\u00e9rence de prix ne sont pas significatives. Les panneaux ne resteront pas inaper\u00e7us, m\u00eame la nuit, gr\u00e2ce \u00e0 une vastelumi\u00e8re.<\/p>\n","protected":false},"author":1,"featured_media":0,"parent":0,"menu_order":0,"comment_status":"closed","ping_status":"closed","template":"","meta":{"_kadence_starter_templates_imported_post":false,"footnotes":""},"class_list":["post-21","page","type-page","status-publish","hentry"],"translation":{"provider":"WPGlobus","version":"3.0.0","language":"fr","enabled_languages":["pl","en","fr"],"languages":{"pl":{"title":true,"content":true,"excerpt":false},"en":{"title":true,"content":true,"excerpt":false},"fr":{"title":true,"content":true,"excerpt":false}}},"_links":{"self":[{"href":"https:\/\/www.newsign.com.pl\/fr\/wp-json\/wp\/v2\/pages\/21","targetHints":{"allow":["GET"]}}],"collection":[{"href":"https:\/\/www.newsign.com.pl\/fr\/wp-json\/wp\/v2\/pages"}],"about":[{"href":"https:\/\/www.newsign.com.pl\/fr\/wp-json\/wp\/v2\/types\/page"}],"author":[{"embeddable":true,"href":"https:\/\/www.newsign.com.pl\/fr\/wp-json\/wp\/v2\/users\/1"}],"replies":[{"embeddable":true,"href":"https:\/\/www.newsign.com.pl\/fr\/wp-json\/wp\/v2\/comments?post=21"}],"version-history":[{"count":6,"href":"https:\/\/www.newsign.com.pl\/fr\/wp-json\/wp\/v2\/pages\/21\/revisions"}],"predecessor-version":[{"id":1017,"href":"https:\/\/www.newsign.com.pl\/fr\/wp-json\/wp\/v2\/pages\/21\/revisions\/1017"}],"wp:attachment":[{"href":"https:\/\/www.newsign.com.pl\/fr\/wp-json\/wp\/v2\/media?parent=21"}],"curies":[{"name":"wp","href":"https:\/\/api.w.org\/{rel}","templated":true}]}}