{"id":307,"date":"2016-03-06T16:20:44","date_gmt":"2016-03-06T16:20:44","guid":{"rendered":"http:\/\/newsign.com.pl\/?page_id=307"},"modified":"2018-04-25T11:58:32","modified_gmt":"2018-04-25T11:58:32","slug":"o-nas","status":"publish","type":"page","link":"http:\/\/www.newsign.com.pl\/fr\/o-nas\/","title":{"rendered":"O NAS"},"content":{"rendered":"<p><img loading=\"lazy\" decoding=\"async\" class=\"wp-image-792 size-medium alignright\" src=\"http:\/\/newsign.com.pl\/wp-content\/uploads\/2016\/06\/wrap-300x155.jpg\" width=\"300\" height=\"155\" srcset=\"http:\/\/www.newsign.com.pl\/wp-content\/uploads\/2016\/06\/wrap-300x155.jpg 300w, http:\/\/www.newsign.com.pl\/wp-content\/uploads\/2016\/06\/wrap-768x396.jpg 768w, http:\/\/www.newsign.com.pl\/wp-content\/uploads\/2016\/06\/wrap-1024x528.jpg 1024w, http:\/\/www.newsign.com.pl\/wp-content\/uploads\/2016\/06\/wrap.jpg 1200w\" sizes=\"auto, (max-width: 300px) 100vw, 300px\" \/>Nasze d\u0142ugoletnie do\u015bwiadczenie oraz wprowadzane na bie\u017c\u0105co nowo\u015bci technologiczne, pozwalaj\u0105 nam tworzy\u0107 projekty, kt\u00f3re s\u0105 oryginalne i niestandardowe \u2013 na pewno pomog\u0105 rozpromowa\u0107 Twoj\u0105 firm\u0119 i us\u0142ugi.<br \/>\nSwoj\u0105\u202fofert\u0119 poszerzamy wraz z nap\u0142ywaj\u0105cymi zleceniami i staramy si\u0119 by\u0107 zawsze gotowi na nowe wyzwania.<br \/>\nW naszej szerokiej ofercie odnajd\u0105\u202f Pa\u0144stwo ciekawe\u202fpropozycje wykonania druku wieloformatowego, reklamy zewn\u0119trznej, oklejenia pojazd\u00f3w lub ca\u0142kowitej zmiany koloru samochodu.<\/p>\n<p>Zapraszamy do zapoznania si\u0119 z nasz\u0105 bogat\u0105 ofert\u0105 us\u0142ug!<\/p>\n","protected":false},"excerpt":{"rendered":"<p>Nasze d\u0142ugoletnie do\u015bwiadczenie oraz wprowadzane na bie\u017c\u0105co nowo\u015bci technologiczne, pozwalaj\u0105 nam tworzy\u0107 projekty, kt\u00f3re s\u0105 oryginalne i niestandardowe \u2013 na pewno pomog\u0105 rozpromowa\u0107 Twoj\u0105 firm\u0119 i us\u0142ugi. Swoj\u0105\u202fofert\u0119 poszerzamy wraz z nap\u0142ywaj\u0105cymi zleceniami i staramy si\u0119 by\u0107 zawsze gotowi na nowe wyzwania. W naszej szerokiej ofercie odnajd\u0105\u202f Pa\u0144stwo ciekawe\u202fpropozycje wykonania druku wieloformatowego, reklamy zewn\u0119trznej, oklejenia [&hellip;]<\/p>\n","protected":false},"author":1,"featured_media":0,"parent":0,"menu_order":0,"comment_status":"closed","ping_status":"closed","template":"","meta":{"_kadence_starter_templates_imported_post":false,"footnotes":""},"class_list":["post-307","page","type-page","status-publish","hentry"],"translation":{"provider":"WPGlobus","version":"3.0.0","language":"fr","enabled_languages":["pl","en","fr"],"languages":{"pl":{"title":true,"content":true,"excerpt":false},"en":{"title":false,"content":false,"excerpt":false},"fr":{"title":false,"content":false,"excerpt":false}}},"_links":{"self":[{"href":"http:\/\/www.newsign.com.pl\/fr\/wp-json\/wp\/v2\/pages\/307","targetHints":{"allow":["GET"]}}],"collection":[{"href":"http:\/\/www.newsign.com.pl\/fr\/wp-json\/wp\/v2\/pages"}],"about":[{"href":"http:\/\/www.newsign.com.pl\/fr\/wp-json\/wp\/v2\/types\/page"}],"author":[{"embeddable":true,"href":"http:\/\/www.newsign.com.pl\/fr\/wp-json\/wp\/v2\/users\/1"}],"replies":[{"embeddable":true,"href":"http:\/\/www.newsign.com.pl\/fr\/wp-json\/wp\/v2\/comments?post=307"}],"version-history":[{"count":8,"href":"http:\/\/www.newsign.com.pl\/fr\/wp-json\/wp\/v2\/pages\/307\/revisions"}],"predecessor-version":[{"id":1866,"href":"http:\/\/www.newsign.com.pl\/fr\/wp-json\/wp\/v2\/pages\/307\/revisions\/1866"}],"wp:attachment":[{"href":"http:\/\/www.newsign.com.pl\/fr\/wp-json\/wp\/v2\/media?parent=307"}],"curies":[{"name":"wp","href":"https:\/\/api.w.org\/{rel}","templated":true}]}}