{"id":18,"date":"2016-03-01T00:27:57","date_gmt":"2016-03-01T00:27:57","guid":{"rendered":"http:\/\/newsign.com.pl\/?page_id=18"},"modified":"2021-01-05T22:05:26","modified_gmt":"2021-01-05T22:05:26","slug":"kaseton","status":"publish","type":"page","link":"http:\/\/www.newsign.com.pl\/fr\/kaseton\/","title":{"rendered":"PANNEAUX DE SIGNALISATION ET PLUS"},"content":{"rendered":"<ul style=\"list-style-type: disc;\">\n<li><strong>Banni\u00e8res Publicitaires<\/strong><\/li>\n<\/ul>\n<p>La banni\u00e8re publicitaire est une forme de publicit\u00e9 simple et rapide \u00e0 installer. Ses avantages incluent &#8211; autre la possibilit\u00e9 de suspendre ces banni\u00e8res sur les cl\u00f4tures, les murs, les balcons, etc. &#8211; ils sont faits de mat\u00e9riaux \u00e9lastiques sp\u00e9ciaux, Qui sont caract\u00e9ris\u00e9s par une tr\u00e8s haute r\u00e9sistance aux mauvaises conditions m\u00e9t\u00e9orologiques. \u00ab\u00a0New Sign\u00a0\u00bb vous propose la mise en \u0153uvre compl\u00e8te &#8211; de la conception graphique jusqu&#8217;\u00e0 l\u2019installation<\/p>\n<p>&nbsp;<\/p>\n<ul style=\"list-style-type: disc;\">\n<li><strong>Panneaux Publicitaires<\/strong><\/li>\n<\/ul>\n<p>Les panneaux publicitaires sont une excellente forme pour attirer l&#8217;attention des clients potentiels \u00e0 votre si\u00e8ge de la soci\u00e9t\u00e9. Leur emplacement et l&#8217;apparence sont encourag\u00e9s \u00e0 utiliser les services. Les mat\u00e9riaux \u00e0 partir desquels nous faisons panneaux comprennent PVC, Dibond et de l&#8217;Aluminium. Nous offrons la mise en \u0153uvre compl\u00e8te &#8211; de la conception graphique jusqu&#8217;\u00e0 l\u2019installation<\/p>\n<p>&nbsp;<\/p>\n<ul style=\"list-style-type: disc;\">\n<li><strong>Bo\u00eetes A Lumi\u00e8re<\/strong><\/li>\n<\/ul>\n<p>Les bo\u00eetes \u00e0 lumi\u00e8re sont tr\u00e8s impressionnants et en m\u00eame temps une publicit\u00e9pas couteuse. Ils sont beaucoup plus visibles que des banni\u00e8res ou des signes, et en m\u00eame temps la diff\u00e9rence de prix ne sont pas significatives. Les panneaux ne resteront pas inaper\u00e7us, m\u00eame la nuit, gr\u00e2ce \u00e0 une vastelumi\u00e8re.<\/p>\n<p>&nbsp;<\/p>\n<ul style=\"list-style-type: disc;\">\n<li><strong>Graphics Sur Verre<\/strong><\/li>\n<\/ul>\n<p>M\u00e9thode tr\u00e8s populaire de la publicit\u00e9 est emballaitle bureau ou des vitrines avec du vinyle. Nous offrons deux types de films: &#8211; One Vision Way &#8211; est un film perfor\u00e9 sp\u00e9cial plac\u00e9 sur les fen\u00eatres, ce qui permet aux gens \u00e0 l&#8217;int\u00e9rieur de la salle \u00e0 regarder dehors de la fen\u00eatre, &#8211; Film monom\u00e9rique &#8211; il est un film basicet de type opaque.<\/p>\n<p>&nbsp;<br \/>\n<div id='gallery-1' class='gallery galleryid-18 gallery-columns-4 gallery-size-medium'><figure class='gallery-item'>\n\t\t\t<div class='gallery-icon landscape'>\n\t\t\t\t<a href='http:\/\/www.newsign.com.pl\/wp-content\/uploads\/2016\/03\/5-2.jpg' rel=\"lightbox[18]\"><img loading=\"lazy\" decoding=\"async\" width=\"300\" height=\"158\" src=\"http:\/\/www.newsign.com.pl\/wp-content\/uploads\/2016\/03\/5-2-300x158.jpg\" class=\"attachment-medium size-medium\" alt=\"\" srcset=\"http:\/\/www.newsign.com.pl\/wp-content\/uploads\/2016\/03\/5-2-300x158.jpg 300w, http:\/\/www.newsign.com.pl\/wp-content\/uploads\/2016\/03\/5-2-768x405.jpg 768w, http:\/\/www.newsign.com.pl\/wp-content\/uploads\/2016\/03\/5-2.jpg 1004w\" sizes=\"auto, (max-width: 300px) 100vw, 300px\" \/><\/a>\n\t\t\t<\/div><\/figure><figure class='gallery-item'>\n\t\t\t<div class='gallery-icon landscape'>\n\t\t\t\t<a href='http:\/\/www.newsign.com.pl\/wp-content\/uploads\/2016\/03\/bab-toma.jpg' rel=\"lightbox[18]\"><img loading=\"lazy\" decoding=\"async\" width=\"300\" height=\"150\" src=\"http:\/\/www.newsign.com.pl\/wp-content\/uploads\/2016\/03\/bab-toma-300x150.jpg\" class=\"attachment-medium size-medium\" alt=\"\" srcset=\"http:\/\/www.newsign.com.pl\/wp-content\/uploads\/2016\/03\/bab-toma-300x150.jpg 300w, http:\/\/www.newsign.com.pl\/wp-content\/uploads\/2016\/03\/bab-toma-768x384.jpg 768w, http:\/\/www.newsign.com.pl\/wp-content\/uploads\/2016\/03\/bab-toma.jpg 850w\" sizes=\"auto, (max-width: 300px) 100vw, 300px\" \/><\/a>\n\t\t\t<\/div><\/figure><figure class='gallery-item'>\n\t\t\t<div class='gallery-icon landscape'>\n\t\t\t\t<a href='http:\/\/www.newsign.com.pl\/wp-content\/uploads\/2016\/03\/Menu-Kafroun-kebab.jpg' rel=\"lightbox[18]\"><img loading=\"lazy\" decoding=\"async\" width=\"300\" height=\"150\" src=\"http:\/\/www.newsign.com.pl\/wp-content\/uploads\/2016\/03\/Menu-Kafroun-kebab-300x150.jpg\" class=\"attachment-medium size-medium\" alt=\"\" srcset=\"http:\/\/www.newsign.com.pl\/wp-content\/uploads\/2016\/03\/Menu-Kafroun-kebab-300x150.jpg 300w, http:\/\/www.newsign.com.pl\/wp-content\/uploads\/2016\/03\/Menu-Kafroun-kebab-768x384.jpg 768w, http:\/\/www.newsign.com.pl\/wp-content\/uploads\/2016\/03\/Menu-Kafroun-kebab.jpg 850w\" sizes=\"auto, (max-width: 300px) 100vw, 300px\" \/><\/a>\n\t\t\t<\/div><\/figure><figure class='gallery-item'>\n\t\t\t<div class='gallery-icon landscape'>\n\t\t\t\t<a href='http:\/\/www.newsign.com.pl\/wp-content\/uploads\/2016\/03\/Niedaleko-Damaszku.jpg' rel=\"lightbox[18]\"><img loading=\"lazy\" decoding=\"async\" width=\"300\" height=\"150\" src=\"http:\/\/www.newsign.com.pl\/wp-content\/uploads\/2016\/03\/Niedaleko-Damaszku-300x150.jpg\" class=\"attachment-medium size-medium\" alt=\"\" srcset=\"http:\/\/www.newsign.com.pl\/wp-content\/uploads\/2016\/03\/Niedaleko-Damaszku-300x150.jpg 300w, http:\/\/www.newsign.com.pl\/wp-content\/uploads\/2016\/03\/Niedaleko-Damaszku-768x384.jpg 768w, http:\/\/www.newsign.com.pl\/wp-content\/uploads\/2016\/03\/Niedaleko-Damaszku.jpg 850w\" sizes=\"auto, (max-width: 300px) 100vw, 300px\" \/><\/a>\n\t\t\t<\/div><\/figure><figure class='gallery-item'>\n\t\t\t<div class='gallery-icon landscape'>\n\t\t\t\t<a href='http:\/\/www.newsign.com.pl\/wp-content\/uploads\/2016\/03\/shisha-center.jpg' rel=\"lightbox[18]\"><img loading=\"lazy\" decoding=\"async\" width=\"300\" height=\"150\" src=\"http:\/\/www.newsign.com.pl\/wp-content\/uploads\/2016\/03\/shisha-center-300x150.jpg\" class=\"attachment-medium size-medium\" alt=\"\" srcset=\"http:\/\/www.newsign.com.pl\/wp-content\/uploads\/2016\/03\/shisha-center-300x150.jpg 300w, http:\/\/www.newsign.com.pl\/wp-content\/uploads\/2016\/03\/shisha-center-768x384.jpg 768w, http:\/\/www.newsign.com.pl\/wp-content\/uploads\/2016\/03\/shisha-center.jpg 850w\" sizes=\"auto, (max-width: 300px) 100vw, 300px\" \/><\/a>\n\t\t\t<\/div><\/figure><figure class='gallery-item'>\n\t\t\t<div class='gallery-icon landscape'>\n\t\t\t\t<a href='http:\/\/www.newsign.com.pl\/wp-content\/uploads\/2016\/07\/nile.jpg' rel=\"lightbox[18]\"><img loading=\"lazy\" decoding=\"async\" width=\"300\" height=\"158\" src=\"http:\/\/www.newsign.com.pl\/wp-content\/uploads\/2016\/07\/nile-300x158.jpg\" class=\"attachment-medium size-medium\" alt=\"\" srcset=\"http:\/\/www.newsign.com.pl\/wp-content\/uploads\/2016\/07\/nile-300x158.jpg 300w, http:\/\/www.newsign.com.pl\/wp-content\/uploads\/2016\/07\/nile-768x405.jpg 768w, http:\/\/www.newsign.com.pl\/wp-content\/uploads\/2016\/07\/nile.jpg 1004w\" sizes=\"auto, (max-width: 300px) 100vw, 300px\" \/><\/a>\n\t\t\t<\/div><\/figure><figure class='gallery-item'>\n\t\t\t<div class='gallery-icon landscape'>\n\t\t\t\t<a href='http:\/\/www.newsign.com.pl\/wp-content\/uploads\/2016\/07\/plac.jpg' rel=\"lightbox[18]\"><img loading=\"lazy\" decoding=\"async\" width=\"300\" height=\"158\" src=\"http:\/\/www.newsign.com.pl\/wp-content\/uploads\/2016\/07\/plac-300x158.jpg\" class=\"attachment-medium size-medium\" alt=\"\" srcset=\"http:\/\/www.newsign.com.pl\/wp-content\/uploads\/2016\/07\/plac-300x158.jpg 300w, http:\/\/www.newsign.com.pl\/wp-content\/uploads\/2016\/07\/plac-768x405.jpg 768w, http:\/\/www.newsign.com.pl\/wp-content\/uploads\/2016\/07\/plac.jpg 1004w\" sizes=\"auto, (max-width: 300px) 100vw, 300px\" \/><\/a>\n\t\t\t<\/div><\/figure><figure class='gallery-item'>\n\t\t\t<div class='gallery-icon landscape'>\n\t\t\t\t<a href='http:\/\/www.newsign.com.pl\/wp-content\/uploads\/2016\/03\/4-2.jpg' rel=\"lightbox[18]\"><img loading=\"lazy\" decoding=\"async\" width=\"300\" height=\"158\" src=\"http:\/\/www.newsign.com.pl\/wp-content\/uploads\/2016\/03\/4-2-300x158.jpg\" class=\"attachment-medium size-medium\" alt=\"\" srcset=\"http:\/\/www.newsign.com.pl\/wp-content\/uploads\/2016\/03\/4-2-300x158.jpg 300w, http:\/\/www.newsign.com.pl\/wp-content\/uploads\/2016\/03\/4-2-768x405.jpg 768w, http:\/\/www.newsign.com.pl\/wp-content\/uploads\/2016\/03\/4-2.jpg 1004w\" sizes=\"auto, (max-width: 300px) 100vw, 300px\" \/><\/a>\n\t\t\t<\/div><\/figure><figure class='gallery-item'>\n\t\t\t<div class='gallery-icon landscape'>\n\t\t\t\t<a href='http:\/\/www.newsign.com.pl\/wp-content\/uploads\/2016\/03\/3-3.jpg' rel=\"lightbox[18]\"><img loading=\"lazy\" decoding=\"async\" width=\"300\" height=\"158\" src=\"http:\/\/www.newsign.com.pl\/wp-content\/uploads\/2016\/03\/3-3-300x158.jpg\" class=\"attachment-medium size-medium\" alt=\"\" srcset=\"http:\/\/www.newsign.com.pl\/wp-content\/uploads\/2016\/03\/3-3-300x158.jpg 300w, http:\/\/www.newsign.com.pl\/wp-content\/uploads\/2016\/03\/3-3-768x405.jpg 768w, http:\/\/www.newsign.com.pl\/wp-content\/uploads\/2016\/03\/3-3.jpg 1004w\" sizes=\"auto, (max-width: 300px) 100vw, 300px\" \/><\/a>\n\t\t\t<\/div><\/figure><figure class='gallery-item'>\n\t\t\t<div class='gallery-icon landscape'>\n\t\t\t\t<a href='http:\/\/www.newsign.com.pl\/wp-content\/uploads\/2016\/03\/caffee.jpg' rel=\"lightbox[18]\"><img loading=\"lazy\" decoding=\"async\" width=\"300\" height=\"150\" src=\"http:\/\/www.newsign.com.pl\/wp-content\/uploads\/2016\/03\/caffee-300x150.jpg\" class=\"attachment-medium size-medium\" alt=\"\" srcset=\"http:\/\/www.newsign.com.pl\/wp-content\/uploads\/2016\/03\/caffee-300x150.jpg 300w, http:\/\/www.newsign.com.pl\/wp-content\/uploads\/2016\/03\/caffee-768x384.jpg 768w, http:\/\/www.newsign.com.pl\/wp-content\/uploads\/2016\/03\/caffee.jpg 850w\" sizes=\"auto, (max-width: 300px) 100vw, 300px\" \/><\/a>\n\t\t\t<\/div><\/figure><figure class='gallery-item'>\n\t\t\t<div class='gallery-icon landscape'>\n\t\t\t\t<a href='http:\/\/www.newsign.com.pl\/wp-content\/uploads\/2016\/03\/1-4.jpg' rel=\"lightbox[18]\"><img loading=\"lazy\" decoding=\"async\" width=\"300\" height=\"158\" src=\"http:\/\/www.newsign.com.pl\/wp-content\/uploads\/2016\/03\/1-4-300x158.jpg\" class=\"attachment-medium size-medium\" alt=\"\" srcset=\"http:\/\/www.newsign.com.pl\/wp-content\/uploads\/2016\/03\/1-4-300x158.jpg 300w, http:\/\/www.newsign.com.pl\/wp-content\/uploads\/2016\/03\/1-4-768x405.jpg 768w, http:\/\/www.newsign.com.pl\/wp-content\/uploads\/2016\/03\/1-4.jpg 1004w\" sizes=\"auto, (max-width: 300px) 100vw, 300px\" \/><\/a>\n\t\t\t<\/div><\/figure><figure class='gallery-item'>\n\t\t\t<div class='gallery-icon landscape'>\n\t\t\t\t<a href='http:\/\/www.newsign.com.pl\/wp-content\/uploads\/2016\/03\/2-4.jpg' rel=\"lightbox[18]\"><img loading=\"lazy\" decoding=\"async\" width=\"300\" height=\"158\" src=\"http:\/\/www.newsign.com.pl\/wp-content\/uploads\/2016\/03\/2-4-300x158.jpg\" class=\"attachment-medium size-medium\" alt=\"\" srcset=\"http:\/\/www.newsign.com.pl\/wp-content\/uploads\/2016\/03\/2-4-300x158.jpg 300w, http:\/\/www.newsign.com.pl\/wp-content\/uploads\/2016\/03\/2-4-768x405.jpg 768w, http:\/\/www.newsign.com.pl\/wp-content\/uploads\/2016\/03\/2-4.jpg 1004w\" sizes=\"auto, (max-width: 300px) 100vw, 300px\" \/><\/a>\n\t\t\t<\/div><\/figure>\n\t\t<\/div>\n<\/p>\n","protected":false},"excerpt":{"rendered":"<p>Banni\u00e8res Publicitaires La banni\u00e8re publicitaire est une forme de publicit\u00e9 simple et rapide \u00e0 installer. Ses avantages incluent &#8211; autre la possibilit\u00e9 de suspendre ces banni\u00e8res sur les cl\u00f4tures, les murs, les balcons, etc. &#8211; ils sont faits de mat\u00e9riaux \u00e9lastiques sp\u00e9ciaux, Qui sont caract\u00e9ris\u00e9s par une tr\u00e8s haute r\u00e9sistance aux mauvaises conditions m\u00e9t\u00e9orologiques. \u00ab\u00a0New [&hellip;]<\/p>\n","protected":false},"author":1,"featured_media":0,"parent":0,"menu_order":0,"comment_status":"closed","ping_status":"closed","template":"","meta":{"_kadence_starter_templates_imported_post":false,"footnotes":""},"class_list":["post-18","page","type-page","status-publish","hentry"],"translation":{"provider":"WPGlobus","version":"3.0.0","language":"fr","enabled_languages":["pl","en","fr"],"languages":{"pl":{"title":true,"content":true,"excerpt":false},"en":{"title":true,"content":true,"excerpt":false},"fr":{"title":true,"content":true,"excerpt":false}}},"_links":{"self":[{"href":"http:\/\/www.newsign.com.pl\/fr\/wp-json\/wp\/v2\/pages\/18","targetHints":{"allow":["GET"]}}],"collection":[{"href":"http:\/\/www.newsign.com.pl\/fr\/wp-json\/wp\/v2\/pages"}],"about":[{"href":"http:\/\/www.newsign.com.pl\/fr\/wp-json\/wp\/v2\/types\/page"}],"author":[{"embeddable":true,"href":"http:\/\/www.newsign.com.pl\/fr\/wp-json\/wp\/v2\/users\/1"}],"replies":[{"embeddable":true,"href":"http:\/\/www.newsign.com.pl\/fr\/wp-json\/wp\/v2\/comments?post=18"}],"version-history":[{"count":29,"href":"http:\/\/www.newsign.com.pl\/fr\/wp-json\/wp\/v2\/pages\/18\/revisions"}],"predecessor-version":[{"id":2247,"href":"http:\/\/www.newsign.com.pl\/fr\/wp-json\/wp\/v2\/pages\/18\/revisions\/2247"}],"wp:attachment":[{"href":"http:\/\/www.newsign.com.pl\/fr\/wp-json\/wp\/v2\/media?parent=18"}],"curies":[{"name":"wp","href":"https:\/\/api.w.org\/{rel}","templated":true}]}}