{"id":410,"date":"2016-03-06T18:33:31","date_gmt":"2016-03-06T18:33:31","guid":{"rendered":"http:\/\/newsign.com.pl\/?page_id=410"},"modified":"2018-03-22T15:29:09","modified_gmt":"2018-03-22T15:29:09","slug":"oklejanie-autokarow-cennik","status":"publish","type":"page","link":"http:\/\/www.newsign.com.pl\/en\/oklejanie-autokarow-cennik\/","title":{"rendered":"Oklejanie autokar\u00f3w CENNIK"},"content":{"rendered":"<table style=\"height: 79px;\" width=\"718\">\n<tbody>\n<tr>\n<td>Wycena jest indywidualna<\/td>\n<td><img loading=\"lazy\" decoding=\"async\" class=\"size-full wp-image-411 aligncenter\" src=\"http:\/\/newsign.com.pl\/wp-content\/uploads\/2016\/03\/1-11.jpg\" alt=\"1\" width=\"448\" height=\"138\" srcset=\"http:\/\/www.newsign.com.pl\/wp-content\/uploads\/2016\/03\/1-11.jpg 448w, http:\/\/www.newsign.com.pl\/wp-content\/uploads\/2016\/03\/1-11-300x92.jpg 300w\" sizes=\"auto, (max-width: 448px) 100vw, 448px\" \/><\/td>\n<\/tr>\n<tr>\n<td>Wycena jest indywidualna<\/td>\n<td><img loading=\"lazy\" decoding=\"async\" class=\"size-full wp-image-412 aligncenter\" src=\"http:\/\/newsign.com.pl\/wp-content\/uploads\/2016\/03\/2-11.jpg\" alt=\"2\" width=\"448\" height=\"138\" srcset=\"http:\/\/www.newsign.com.pl\/wp-content\/uploads\/2016\/03\/2-11.jpg 448w, http:\/\/www.newsign.com.pl\/wp-content\/uploads\/2016\/03\/2-11-300x92.jpg 300w\" sizes=\"auto, (max-width: 448px) 100vw, 448px\" \/><\/td>\n<\/tr>\n<tr>\n<td>Folia wylewna (cena za m<sup>2<\/sup> \u2013 145 z\u0142otych netto).<\/td>\n<td><img loading=\"lazy\" decoding=\"async\" class=\"size-full wp-image-413 aligncenter\" src=\"http:\/\/newsign.com.pl\/wp-content\/uploads\/2016\/03\/3-10.jpg\" alt=\"3\" width=\"448\" height=\"138\" srcset=\"http:\/\/www.newsign.com.pl\/wp-content\/uploads\/2016\/03\/3-10.jpg 448w, http:\/\/www.newsign.com.pl\/wp-content\/uploads\/2016\/03\/3-10-300x92.jpg 300w\" sizes=\"auto, (max-width: 448px) 100vw, 448px\" \/><\/td>\n<\/tr>\n<tr>\n<td>Folia ploterowa (cena za m<sup>2<\/sup> \u2013 90 z\u0142otych netto).<\/td>\n<td><img loading=\"lazy\" decoding=\"async\" class=\"size-full wp-image-414 aligncenter\" src=\"http:\/\/newsign.com.pl\/wp-content\/uploads\/2016\/03\/4-8.jpg\" alt=\"4\" width=\"448\" height=\"138\" srcset=\"http:\/\/www.newsign.com.pl\/wp-content\/uploads\/2016\/03\/4-8.jpg 448w, http:\/\/www.newsign.com.pl\/wp-content\/uploads\/2016\/03\/4-8-300x92.jpg 300w\" sizes=\"auto, (max-width: 448px) 100vw, 448px\" \/><\/td>\n<\/tr>\n<\/tbody>\n<\/table>\n<p style=\"text-align: center;\"><strong>Powy\u017csze projekty s\u0105 przyk\u0142adowe. Cena zale\u017cna jest od wielko\u015b\u0107i danego pojazdu oraz zu\u017cytych materia\u0142\u00f3w.<\/strong><\/p>\n","protected":false},"excerpt":{"rendered":"<p>Wycena jest indywidualna Wycena jest indywidualna Folia wylewna (cena za m2 \u2013 145 z\u0142otych netto). Folia ploterowa (cena za m2 \u2013 90 z\u0142otych netto). Powy\u017csze projekty s\u0105 przyk\u0142adowe. Cena zale\u017cna jest od wielko\u015b\u0107i danego pojazdu oraz zu\u017cytych materia\u0142\u00f3w.<\/p>\n","protected":false},"author":1,"featured_media":0,"parent":0,"menu_order":0,"comment_status":"closed","ping_status":"closed","template":"","meta":{"_kadence_starter_templates_imported_post":false,"footnotes":""},"class_list":["post-410","page","type-page","status-publish","hentry"],"translation":{"provider":"WPGlobus","version":"3.0.0","language":"en","enabled_languages":["pl","en","fr"],"languages":{"pl":{"title":true,"content":true,"excerpt":false},"en":{"title":false,"content":false,"excerpt":false},"fr":{"title":false,"content":false,"excerpt":false}}},"_links":{"self":[{"href":"http:\/\/www.newsign.com.pl\/en\/wp-json\/wp\/v2\/pages\/410","targetHints":{"allow":["GET"]}}],"collection":[{"href":"http:\/\/www.newsign.com.pl\/en\/wp-json\/wp\/v2\/pages"}],"about":[{"href":"http:\/\/www.newsign.com.pl\/en\/wp-json\/wp\/v2\/types\/page"}],"author":[{"embeddable":true,"href":"http:\/\/www.newsign.com.pl\/en\/wp-json\/wp\/v2\/users\/1"}],"replies":[{"embeddable":true,"href":"http:\/\/www.newsign.com.pl\/en\/wp-json\/wp\/v2\/comments?post=410"}],"version-history":[{"count":7,"href":"http:\/\/www.newsign.com.pl\/en\/wp-json\/wp\/v2\/pages\/410\/revisions"}],"predecessor-version":[{"id":1856,"href":"http:\/\/www.newsign.com.pl\/en\/wp-json\/wp\/v2\/pages\/410\/revisions\/1856"}],"wp:attachment":[{"href":"http:\/\/www.newsign.com.pl\/en\/wp-json\/wp\/v2\/media?parent=410"}],"curies":[{"name":"wp","href":"https:\/\/api.w.org\/{rel}","templated":true}]}}