{"id":363,"date":"2016-03-06T18:11:47","date_gmt":"2016-03-06T18:11:47","guid":{"rendered":"http:\/\/newsign.com.pl\/?page_id=363"},"modified":"2021-06-24T10:51:10","modified_gmt":"2021-06-24T10:51:10","slug":"oklejanie-samochodow-ciezarowych-cennik","status":"publish","type":"page","link":"http:\/\/www.newsign.com.pl\/en\/oklejanie-samochodow-ciezarowych-cennik\/","title":{"rendered":"Oklejanie samochod\u00f3w ci\u0119\u017carowych CENNIK"},"content":{"rendered":"<table style=\"height: 424px;\" width=\"824\">\n<tbody>\n<tr>\n<td>Naklejka z folii ploterowej. Oklejenie samochodu ci\u0119\u017carowego<br \/>\n&#8211; 2 boki i ty\u0142<\/td>\n<td><img loading=\"lazy\" decoding=\"async\" class=\"size-full wp-image-364 aligncenter\" src=\"http:\/\/newsign.com.pl\/wp-content\/uploads\/2016\/03\/1-7.jpg\" alt=\"1\" width=\"448\" height=\"155\" srcset=\"http:\/\/www.newsign.com.pl\/wp-content\/uploads\/2016\/03\/1-7.jpg 448w, http:\/\/www.newsign.com.pl\/wp-content\/uploads\/2016\/03\/1-7-300x104.jpg 300w\" sizes=\"auto, (max-width: 448px) 100vw, 448px\" \/><\/td>\n<td>oko\u0142o<br \/>\n700 z\u0142 netto<\/td>\n<\/tr>\n<tr>\n<td>Naklejka z folii ploterowej oraz folia wylewna<br \/>\n\u2013 1\/3 auta, 2boki i ty\u0142<\/td>\n<td><img loading=\"lazy\" decoding=\"async\" class=\"size-full wp-image-365 aligncenter\" src=\"http:\/\/newsign.com.pl\/wp-content\/uploads\/2016\/03\/2-7.jpg\" alt=\"2\" width=\"448\" height=\"155\" srcset=\"http:\/\/www.newsign.com.pl\/wp-content\/uploads\/2016\/03\/2-7.jpg 448w, http:\/\/www.newsign.com.pl\/wp-content\/uploads\/2016\/03\/2-7-300x104.jpg 300w\" sizes=\"auto, (max-width: 448px) 100vw, 448px\" \/><\/td>\n<td>oko\u0142o<br \/>\n1950 z\u0142 netto<\/td>\n<\/tr>\n<tr>\n<td>Okleina z folii ploterowej oraz folia wylewna<br \/>\n\u2013 ca\u0142y pojazd<\/td>\n<td><img loading=\"lazy\" decoding=\"async\" class=\"size-full wp-image-366 aligncenter\" src=\"http:\/\/newsign.com.pl\/wp-content\/uploads\/2016\/03\/3-6.jpg\" alt=\"3\" width=\"448\" height=\"155\" srcset=\"http:\/\/www.newsign.com.pl\/wp-content\/uploads\/2016\/03\/3-6.jpg 448w, http:\/\/www.newsign.com.pl\/wp-content\/uploads\/2016\/03\/3-6-300x104.jpg 300w\" sizes=\"auto, (max-width: 448px) 100vw, 448px\" \/><\/td>\n<td>oko\u0142o<br \/>\n3400 z\u0142 netto<\/td>\n<\/tr>\n<\/tbody>\n<\/table>\n<p style=\"text-align: center;\"><strong>Powy\u017csze projekty i ceny s\u0105 przyk\u0142adowe. Cena zale\u017cna jest od wielko\u015b\u0107i danego samochodu oraz zu\u017cytych materia\u0142\u00f3w.<\/strong><\/p>\n","protected":false},"excerpt":{"rendered":"<p>Naklejka z folii ploterowej. Oklejenie samochodu ci\u0119\u017carowego &#8211; 2 boki i ty\u0142 oko\u0142o 700 z\u0142 netto Naklejka z folii ploterowej oraz folia wylewna \u2013 1\/3 auta, 2boki i ty\u0142 oko\u0142o 1950 z\u0142 netto Okleina z folii ploterowej oraz folia wylewna \u2013 ca\u0142y pojazd oko\u0142o 3400 z\u0142 netto Powy\u017csze projekty i ceny s\u0105 przyk\u0142adowe. Cena zale\u017cna [&hellip;]<\/p>\n","protected":false},"author":1,"featured_media":0,"parent":0,"menu_order":0,"comment_status":"closed","ping_status":"closed","template":"","meta":{"_kadence_starter_templates_imported_post":false,"footnotes":""},"class_list":["post-363","page","type-page","status-publish","hentry"],"translation":{"provider":"WPGlobus","version":"3.0.0","language":"en","enabled_languages":["pl","en","fr"],"languages":{"pl":{"title":true,"content":true,"excerpt":false},"en":{"title":false,"content":false,"excerpt":false},"fr":{"title":false,"content":false,"excerpt":false}}},"_links":{"self":[{"href":"http:\/\/www.newsign.com.pl\/en\/wp-json\/wp\/v2\/pages\/363","targetHints":{"allow":["GET"]}}],"collection":[{"href":"http:\/\/www.newsign.com.pl\/en\/wp-json\/wp\/v2\/pages"}],"about":[{"href":"http:\/\/www.newsign.com.pl\/en\/wp-json\/wp\/v2\/types\/page"}],"author":[{"embeddable":true,"href":"http:\/\/www.newsign.com.pl\/en\/wp-json\/wp\/v2\/users\/1"}],"replies":[{"embeddable":true,"href":"http:\/\/www.newsign.com.pl\/en\/wp-json\/wp\/v2\/comments?post=363"}],"version-history":[{"count":7,"href":"http:\/\/www.newsign.com.pl\/en\/wp-json\/wp\/v2\/pages\/363\/revisions"}],"predecessor-version":[{"id":2423,"href":"http:\/\/www.newsign.com.pl\/en\/wp-json\/wp\/v2\/pages\/363\/revisions\/2423"}],"wp:attachment":[{"href":"http:\/\/www.newsign.com.pl\/en\/wp-json\/wp\/v2\/media?parent=363"}],"curies":[{"name":"wp","href":"https:\/\/api.w.org\/{rel}","templated":true}]}}