{"id":1358,"date":"2017-01-02T13:13:32","date_gmt":"2017-01-02T13:13:32","guid":{"rendered":"http:\/\/newsign.com.pl\/?page_id=1358"},"modified":"2021-01-05T09:28:36","modified_gmt":"2021-01-05T09:28:36","slug":"oklejanie-witryn","status":"publish","type":"page","link":"http:\/\/www.newsign.com.pl\/en\/oklejanie-witryn\/","title":{"rendered":"Oklejanie Witryn"},"content":{"rendered":"<div class=\"row\">\n<div class=\"col-sm-6 col-md-6 bottom-padding\">\n<ul>\n<li>\u00a0Oferujemy profesjonalne oklejanie witryn, szyb lokali us\u0142ugowo-handlowych, restauracji, sklep\u00f3w, bank\u00f3w oraz galerii handlowych.<\/li>\n<\/ul>\n<div class=\"description\">\n<div class=\"title-box\">\n<ul>\n<li>Bardzo popularn\u0105 metod\u0105 reklamy jest oklejanie witryn sklepowych foli\u0105 z niepowtarzaln\u0105 grafik\u0105. Ze wzgl\u0119du na nasze do\u015bwiadczenie oraz pasj\u0119 do tego co robimy, jeste\u015bmy w stanie stworzy\u0107 grafik\u0119, kt\u00f3ra pomo\u017ce zbudowa\u0107 zaufanie oraz przyci\u0105gnie potencjalnego klienta, do skorzystania z us\u0142ug kt\u00f3re oferuje Pa\u0144stwa firma.<br \/>Materia\u0142y kt\u00f3rych u\u017cywamy do oklejania witryn sklepowych s\u0105 najwy\u017cszej jako\u015bci i klasy.<\/li>\n<\/ul>\n<\/div>\n<\/div>\n<\/div>\n<\/div>\n<div>\n<div class=\"product-tab\">\n<div class=\"title-box\">\n<h2 class=\"title\">Oferujemy oklejanie witryn na nast\u0119puj\u0105cych rodzajach foli:<\/h2>\n<\/div>\n<ul>\n<li><strong>Oklejanie witryn foli\u0105 One Way Vision\u00a0<\/strong><\/li>\n<li><strong>Oklejanie witryn foli\u0105 ploterow\u0105<\/strong><\/li>\n<li><strong>Oklejanie witryn folia mro\u017con\u0105<\/strong><\/li>\n<li><strong>Oklejanie witryn folia do pod\u015bwietle\u0144 (backlite)\u00a0<\/strong><\/li>\n<\/ul>\n<div id='gallery-1' class='gallery galleryid-1358 gallery-columns-3 gallery-size-large'><figure class='gallery-item'>\n\t\t\t<div class='gallery-icon landscape'>\n\t\t\t\t<a href='http:\/\/www.newsign.com.pl\/wp-content\/uploads\/2016\/03\/heyoo.jpg' rel=\"lightbox[1358]\"><img loading=\"lazy\" decoding=\"async\" width=\"730\" height=\"365\" src=\"http:\/\/www.newsign.com.pl\/wp-content\/uploads\/2016\/03\/heyoo-1024x512.jpg\" class=\"attachment-large size-large\" alt=\"\" srcset=\"http:\/\/www.newsign.com.pl\/wp-content\/uploads\/2016\/03\/heyoo-1024x512.jpg 1024w, http:\/\/www.newsign.com.pl\/wp-content\/uploads\/2016\/03\/heyoo-300x150.jpg 300w, http:\/\/www.newsign.com.pl\/wp-content\/uploads\/2016\/03\/heyoo-768x384.jpg 768w\" sizes=\"auto, (max-width: 730px) 100vw, 730px\" \/><\/a>\n\t\t\t<\/div><\/figure><figure class='gallery-item'>\n\t\t\t<div class='gallery-icon landscape'>\n\t\t\t\t<a href='http:\/\/www.newsign.com.pl\/wp-content\/uploads\/2016\/07\/nile.jpg' rel=\"lightbox[1358]\"><img loading=\"lazy\" decoding=\"async\" width=\"730\" height=\"385\" src=\"http:\/\/www.newsign.com.pl\/wp-content\/uploads\/2016\/07\/nile.jpg\" class=\"attachment-large size-large\" alt=\"\" srcset=\"http:\/\/www.newsign.com.pl\/wp-content\/uploads\/2016\/07\/nile.jpg 1004w, http:\/\/www.newsign.com.pl\/wp-content\/uploads\/2016\/07\/nile-300x158.jpg 300w, http:\/\/www.newsign.com.pl\/wp-content\/uploads\/2016\/07\/nile-768x405.jpg 768w\" sizes=\"auto, (max-width: 730px) 100vw, 730px\" \/><\/a>\n\t\t\t<\/div><\/figure><figure class='gallery-item'>\n\t\t\t<div class='gallery-icon landscape'>\n\t\t\t\t<a href='http:\/\/www.newsign.com.pl\/wp-content\/uploads\/2016\/07\/falafel.jpg' rel=\"lightbox[1358]\"><img loading=\"lazy\" decoding=\"async\" width=\"730\" height=\"385\" src=\"http:\/\/www.newsign.com.pl\/wp-content\/uploads\/2016\/07\/falafel.jpg\" class=\"attachment-large size-large\" alt=\"\" srcset=\"http:\/\/www.newsign.com.pl\/wp-content\/uploads\/2016\/07\/falafel.jpg 1004w, http:\/\/www.newsign.com.pl\/wp-content\/uploads\/2016\/07\/falafel-300x158.jpg 300w, http:\/\/www.newsign.com.pl\/wp-content\/uploads\/2016\/07\/falafel-768x405.jpg 768w\" sizes=\"auto, (max-width: 730px) 100vw, 730px\" \/><\/a>\n\t\t\t<\/div><\/figure><figure class='gallery-item'>\n\t\t\t<div class='gallery-icon landscape'>\n\t\t\t\t<a href='http:\/\/www.newsign.com.pl\/wp-content\/uploads\/2016\/06\/druk-folia.png' rel=\"lightbox[1358]\"><img loading=\"lazy\" decoding=\"async\" width=\"730\" height=\"407\" src=\"http:\/\/www.newsign.com.pl\/wp-content\/uploads\/2016\/06\/druk-folia-1024x571.png\" class=\"attachment-large size-large\" alt=\"\" srcset=\"http:\/\/www.newsign.com.pl\/wp-content\/uploads\/2016\/06\/druk-folia-1024x571.png 1024w, http:\/\/www.newsign.com.pl\/wp-content\/uploads\/2016\/06\/druk-folia-300x167.png 300w, http:\/\/www.newsign.com.pl\/wp-content\/uploads\/2016\/06\/druk-folia-768x429.png 768w, http:\/\/www.newsign.com.pl\/wp-content\/uploads\/2016\/06\/druk-folia.png 1188w\" sizes=\"auto, (max-width: 730px) 100vw, 730px\" \/><\/a>\n\t\t\t<\/div><\/figure><figure class='gallery-item'>\n\t\t\t<div class='gallery-icon landscape'>\n\t\t\t\t<a href='http:\/\/www.newsign.com.pl\/wp-content\/uploads\/2016\/03\/22-1.jpg' rel=\"lightbox[1358]\"><img loading=\"lazy\" decoding=\"async\" width=\"730\" height=\"385\" src=\"http:\/\/www.newsign.com.pl\/wp-content\/uploads\/2016\/03\/22-1.jpg\" class=\"attachment-large size-large\" alt=\"\" srcset=\"http:\/\/www.newsign.com.pl\/wp-content\/uploads\/2016\/03\/22-1.jpg 1004w, http:\/\/www.newsign.com.pl\/wp-content\/uploads\/2016\/03\/22-1-300x158.jpg 300w, http:\/\/www.newsign.com.pl\/wp-content\/uploads\/2016\/03\/22-1-768x405.jpg 768w\" sizes=\"auto, (max-width: 730px) 100vw, 730px\" \/><\/a>\n\t\t\t<\/div><\/figure><figure class='gallery-item'>\n\t\t\t<div class='gallery-icon landscape'>\n\t\t\t\t<a href='http:\/\/www.newsign.com.pl\/wp-content\/uploads\/2016\/03\/11-1.jpg' rel=\"lightbox[1358]\"><img loading=\"lazy\" decoding=\"async\" width=\"730\" height=\"385\" src=\"http:\/\/www.newsign.com.pl\/wp-content\/uploads\/2016\/03\/11-1.jpg\" class=\"attachment-large size-large\" alt=\"\" srcset=\"http:\/\/www.newsign.com.pl\/wp-content\/uploads\/2016\/03\/11-1.jpg 1004w, http:\/\/www.newsign.com.pl\/wp-content\/uploads\/2016\/03\/11-1-300x158.jpg 300w, http:\/\/www.newsign.com.pl\/wp-content\/uploads\/2016\/03\/11-1-768x405.jpg 768w\" sizes=\"auto, (max-width: 730px) 100vw, 730px\" \/><\/a>\n\t\t\t<\/div><\/figure><figure class='gallery-item'>\n\t\t\t<div class='gallery-icon landscape'>\n\t\t\t\t<a href='http:\/\/www.newsign.com.pl\/wp-content\/uploads\/2017\/01\/lilo-kebab.jpg' rel=\"lightbox[1358]\"><img loading=\"lazy\" decoding=\"async\" width=\"730\" height=\"365\" src=\"http:\/\/www.newsign.com.pl\/wp-content\/uploads\/2017\/01\/lilo-kebab.jpg\" class=\"attachment-large size-large\" alt=\"\" srcset=\"http:\/\/www.newsign.com.pl\/wp-content\/uploads\/2017\/01\/lilo-kebab.jpg 850w, http:\/\/www.newsign.com.pl\/wp-content\/uploads\/2017\/01\/lilo-kebab-300x150.jpg 300w, http:\/\/www.newsign.com.pl\/wp-content\/uploads\/2017\/01\/lilo-kebab-768x384.jpg 768w\" sizes=\"auto, (max-width: 730px) 100vw, 730px\" \/><\/a>\n\t\t\t<\/div><\/figure><figure class='gallery-item'>\n\t\t\t<div class='gallery-icon landscape'>\n\t\t\t\t<a href='http:\/\/www.newsign.com.pl\/wp-content\/uploads\/2017\/01\/samira.jpg' rel=\"lightbox[1358]\"><img loading=\"lazy\" decoding=\"async\" width=\"730\" height=\"365\" src=\"http:\/\/www.newsign.com.pl\/wp-content\/uploads\/2017\/01\/samira.jpg\" class=\"attachment-large size-large\" alt=\"\" srcset=\"http:\/\/www.newsign.com.pl\/wp-content\/uploads\/2017\/01\/samira.jpg 850w, http:\/\/www.newsign.com.pl\/wp-content\/uploads\/2017\/01\/samira-300x150.jpg 300w, http:\/\/www.newsign.com.pl\/wp-content\/uploads\/2017\/01\/samira-768x384.jpg 768w\" sizes=\"auto, (max-width: 730px) 100vw, 730px\" \/><\/a>\n\t\t\t<\/div><\/figure><figure class='gallery-item'>\n\t\t\t<div class='gallery-icon landscape'>\n\t\t\t\t<a href='http:\/\/www.newsign.com.pl\/wp-content\/uploads\/2017\/01\/OPTIMEDA.jpg' rel=\"lightbox[1358]\"><img loading=\"lazy\" decoding=\"async\" width=\"730\" height=\"365\" src=\"http:\/\/www.newsign.com.pl\/wp-content\/uploads\/2017\/01\/OPTIMEDA.jpg\" class=\"attachment-large size-large\" alt=\"\" srcset=\"http:\/\/www.newsign.com.pl\/wp-content\/uploads\/2017\/01\/OPTIMEDA.jpg 850w, http:\/\/www.newsign.com.pl\/wp-content\/uploads\/2017\/01\/OPTIMEDA-300x150.jpg 300w, http:\/\/www.newsign.com.pl\/wp-content\/uploads\/2017\/01\/OPTIMEDA-768x384.jpg 768w\" sizes=\"auto, (max-width: 730px) 100vw, 730px\" \/><\/a>\n\t\t\t<\/div><\/figure><figure class='gallery-item'>\n\t\t\t<div class='gallery-icon landscape'>\n\t\t\t\t<a href='http:\/\/www.newsign.com.pl\/wp-content\/uploads\/2017\/01\/falafel-birut.jpg' rel=\"lightbox[1358]\"><img loading=\"lazy\" decoding=\"async\" width=\"730\" height=\"365\" src=\"http:\/\/www.newsign.com.pl\/wp-content\/uploads\/2017\/01\/falafel-birut.jpg\" class=\"attachment-large size-large\" alt=\"\" srcset=\"http:\/\/www.newsign.com.pl\/wp-content\/uploads\/2017\/01\/falafel-birut.jpg 850w, http:\/\/www.newsign.com.pl\/wp-content\/uploads\/2017\/01\/falafel-birut-300x150.jpg 300w, http:\/\/www.newsign.com.pl\/wp-content\/uploads\/2017\/01\/falafel-birut-768x384.jpg 768w\" sizes=\"auto, (max-width: 730px) 100vw, 730px\" \/><\/a>\n\t\t\t<\/div><\/figure><figure class='gallery-item'>\n\t\t\t<div class='gallery-icon portrait'>\n\t\t\t\t<a href='http:\/\/www.newsign.com.pl\/wp-content\/uploads\/2021\/01\/1.jpg' rel=\"lightbox[1358]\"><img loading=\"lazy\" decoding=\"async\" width=\"730\" height=\"973\" src=\"http:\/\/www.newsign.com.pl\/wp-content\/uploads\/2021\/01\/1.jpg\" class=\"attachment-large size-large\" alt=\"\" srcset=\"http:\/\/www.newsign.com.pl\/wp-content\/uploads\/2021\/01\/1.jpg 768w, http:\/\/www.newsign.com.pl\/wp-content\/uploads\/2021\/01\/1-225x300.jpg 225w\" sizes=\"auto, (max-width: 730px) 100vw, 730px\" \/><\/a>\n\t\t\t<\/div><\/figure><figure class='gallery-item'>\n\t\t\t<div class='gallery-icon landscape'>\n\t\t\t\t<a href='http:\/\/www.newsign.com.pl\/wp-content\/uploads\/2021\/01\/3-1.jpg' rel=\"lightbox[1358]\"><img loading=\"lazy\" decoding=\"async\" width=\"730\" height=\"548\" src=\"http:\/\/www.newsign.com.pl\/wp-content\/uploads\/2021\/01\/3-1.jpg\" class=\"attachment-large size-large\" alt=\"\" srcset=\"http:\/\/www.newsign.com.pl\/wp-content\/uploads\/2021\/01\/3-1.jpg 1024w, http:\/\/www.newsign.com.pl\/wp-content\/uploads\/2021\/01\/3-1-300x225.jpg 300w, http:\/\/www.newsign.com.pl\/wp-content\/uploads\/2021\/01\/3-1-768x576.jpg 768w\" sizes=\"auto, (max-width: 730px) 100vw, 730px\" \/><\/a>\n\t\t\t<\/div><\/figure><figure class='gallery-item'>\n\t\t\t<div class='gallery-icon landscape'>\n\t\t\t\t<a href='http:\/\/www.newsign.com.pl\/wp-content\/uploads\/2021\/01\/4-1.jpg' rel=\"lightbox[1358]\"><img loading=\"lazy\" decoding=\"async\" width=\"730\" height=\"548\" src=\"http:\/\/www.newsign.com.pl\/wp-content\/uploads\/2021\/01\/4-1.jpg\" class=\"attachment-large size-large\" alt=\"\" srcset=\"http:\/\/www.newsign.com.pl\/wp-content\/uploads\/2021\/01\/4-1.jpg 1024w, http:\/\/www.newsign.com.pl\/wp-content\/uploads\/2021\/01\/4-1-300x225.jpg 300w, http:\/\/www.newsign.com.pl\/wp-content\/uploads\/2021\/01\/4-1-768x576.jpg 768w\" sizes=\"auto, (max-width: 730px) 100vw, 730px\" \/><\/a>\n\t\t\t<\/div><\/figure><figure class='gallery-item'>\n\t\t\t<div class='gallery-icon landscape'>\n\t\t\t\t<a href='http:\/\/www.newsign.com.pl\/wp-content\/uploads\/2021\/01\/5.jpg' rel=\"lightbox[1358]\"><img loading=\"lazy\" decoding=\"async\" width=\"730\" height=\"548\" src=\"http:\/\/www.newsign.com.pl\/wp-content\/uploads\/2021\/01\/5.jpg\" class=\"attachment-large size-large\" alt=\"\" srcset=\"http:\/\/www.newsign.com.pl\/wp-content\/uploads\/2021\/01\/5.jpg 1024w, http:\/\/www.newsign.com.pl\/wp-content\/uploads\/2021\/01\/5-300x225.jpg 300w, http:\/\/www.newsign.com.pl\/wp-content\/uploads\/2021\/01\/5-768x576.jpg 768w\" sizes=\"auto, (max-width: 730px) 100vw, 730px\" \/><\/a>\n\t\t\t<\/div><\/figure><figure class='gallery-item'>\n\t\t\t<div class='gallery-icon landscape'>\n\t\t\t\t<a href='http:\/\/www.newsign.com.pl\/wp-content\/uploads\/2021\/01\/6.jpg' rel=\"lightbox[1358]\"><img loading=\"lazy\" decoding=\"async\" width=\"730\" height=\"548\" src=\"http:\/\/www.newsign.com.pl\/wp-content\/uploads\/2021\/01\/6.jpg\" class=\"attachment-large size-large\" alt=\"\" srcset=\"http:\/\/www.newsign.com.pl\/wp-content\/uploads\/2021\/01\/6.jpg 1024w, http:\/\/www.newsign.com.pl\/wp-content\/uploads\/2021\/01\/6-300x225.jpg 300w, http:\/\/www.newsign.com.pl\/wp-content\/uploads\/2021\/01\/6-768x576.jpg 768w\" sizes=\"auto, (max-width: 730px) 100vw, 730px\" \/><\/a>\n\t\t\t<\/div><\/figure><figure class='gallery-item'>\n\t\t\t<div class='gallery-icon portrait'>\n\t\t\t\t<a href='http:\/\/www.newsign.com.pl\/wp-content\/uploads\/2021\/01\/2-1.jpg' rel=\"lightbox[1358]\"><img loading=\"lazy\" decoding=\"async\" width=\"730\" height=\"973\" src=\"http:\/\/www.newsign.com.pl\/wp-content\/uploads\/2021\/01\/2-1.jpg\" class=\"attachment-large size-large\" alt=\"\" srcset=\"http:\/\/www.newsign.com.pl\/wp-content\/uploads\/2021\/01\/2-1.jpg 768w, http:\/\/www.newsign.com.pl\/wp-content\/uploads\/2021\/01\/2-1-225x300.jpg 225w\" sizes=\"auto, (max-width: 730px) 100vw, 730px\" \/><\/a>\n\t\t\t<\/div><\/figure>\n\t\t<\/div>\n\n<\/div>\n<\/div>\n\n\n<p><\/p>\n","protected":false},"excerpt":{"rendered":"<p>\u00a0Oferujemy profesjonalne oklejanie witryn, szyb lokali us\u0142ugowo-handlowych, restauracji, sklep\u00f3w, bank\u00f3w oraz galerii handlowych. Bardzo popularn\u0105 metod\u0105 reklamy jest oklejanie witryn sklepowych foli\u0105 z niepowtarzaln\u0105 grafik\u0105. Ze wzgl\u0119du na nasze do\u015bwiadczenie oraz pasj\u0119 do tego co robimy, jeste\u015bmy w stanie stworzy\u0107 grafik\u0119, kt\u00f3ra pomo\u017ce zbudowa\u0107 zaufanie oraz przyci\u0105gnie potencjalnego klienta, do skorzystania z us\u0142ug kt\u00f3re oferuje [&hellip;]<\/p>\n","protected":false},"author":1,"featured_media":0,"parent":0,"menu_order":0,"comment_status":"closed","ping_status":"closed","template":"","meta":{"_kadence_starter_templates_imported_post":false,"footnotes":""},"class_list":["post-1358","page","type-page","status-publish","hentry"],"translation":{"provider":"WPGlobus","version":"3.0.0","language":"en","enabled_languages":["pl","en","fr"],"languages":{"pl":{"title":true,"content":true,"excerpt":false},"en":{"title":false,"content":false,"excerpt":false},"fr":{"title":false,"content":false,"excerpt":false}}},"_links":{"self":[{"href":"http:\/\/www.newsign.com.pl\/en\/wp-json\/wp\/v2\/pages\/1358","targetHints":{"allow":["GET"]}}],"collection":[{"href":"http:\/\/www.newsign.com.pl\/en\/wp-json\/wp\/v2\/pages"}],"about":[{"href":"http:\/\/www.newsign.com.pl\/en\/wp-json\/wp\/v2\/types\/page"}],"author":[{"embeddable":true,"href":"http:\/\/www.newsign.com.pl\/en\/wp-json\/wp\/v2\/users\/1"}],"replies":[{"embeddable":true,"href":"http:\/\/www.newsign.com.pl\/en\/wp-json\/wp\/v2\/comments?post=1358"}],"version-history":[{"count":13,"href":"http:\/\/www.newsign.com.pl\/en\/wp-json\/wp\/v2\/pages\/1358\/revisions"}],"predecessor-version":[{"id":2240,"href":"http:\/\/www.newsign.com.pl\/en\/wp-json\/wp\/v2\/pages\/1358\/revisions\/2240"}],"wp:attachment":[{"href":"http:\/\/www.newsign.com.pl\/en\/wp-json\/wp\/v2\/media?parent=1358"}],"curies":[{"name":"wp","href":"https:\/\/api.w.org\/{rel}","templated":true}]}}